{"id":6,"date":"2026-01-27T16:15:09","date_gmt":"2026-01-27T16:15:09","guid":{"rendered":"https:\/\/trasnportesjon.rkinformatika.online\/?page_id=6"},"modified":"2026-01-29T14:43:46","modified_gmt":"2026-01-29T14:43:46","slug":"servicios","status":"publish","type":"page","link":"https:\/\/transportesjon.com\/eu\/servicios\/","title":{"rendered":"Zerbitzuak"},"content":{"rendered":"\t\t<div data-elementor-type=\"wp-page\" data-elementor-id=\"6\" class=\"elementor elementor-6\" data-elementor-post-type=\"page\">\n\t\t\t\t<div class=\"elementor-element elementor-element-40a2b2b animated-slow e-flex e-con-boxed elementor-invisible e-con e-parent\" data-id=\"40a2b2b\" data-element_type=\"container\" data-e-type=\"container\" data-settings=\"{&quot;background_background&quot;:&quot;slideshow&quot;,&quot;background_slideshow_gallery&quot;:[{&quot;id&quot;:229,&quot;url&quot;:&quot;https:\\\/\\\/transportesjon.com\\\/wp-content\\\/uploads\\\/2026\\\/01\\\/666.jpg&quot;},{&quot;id&quot;:230,&quot;url&quot;:&quot;https:\\\/\\\/transportesjon.com\\\/wp-content\\\/uploads\\\/2026\\\/01\\\/2151994436.jpg&quot;}],&quot;motion_fx_motion_fx_scrolling&quot;:&quot;yes&quot;,&quot;animation&quot;:&quot;fadeIn&quot;,&quot;background_slideshow_loop&quot;:&quot;yes&quot;,&quot;background_slideshow_slide_duration&quot;:5000,&quot;background_slideshow_slide_transition&quot;:&quot;fade&quot;,&quot;background_slideshow_transition_duration&quot;:500,&quot;motion_fx_devices&quot;:[&quot;desktop&quot;,&quot;tablet&quot;,&quot;mobile&quot;]}\">\n\t\t\t\t\t<div class=\"e-con-inner\">\n\t\t\t\t\t<\/div>\n\t\t\t\t<\/div>\n\t\t<div class=\"elementor-element elementor-element-8eefdf3 e-flex e-con-boxed e-con e-parent\" data-id=\"8eefdf3\" data-element_type=\"container\" data-e-type=\"container\">\n\t\t\t\t\t<div class=\"e-con-inner\">\n\t\t<div class=\"elementor-element elementor-element-4ee4dec e-con-full animated-slow e-flex elementor-invisible e-con e-child\" data-id=\"4ee4dec\" data-element_type=\"container\" data-e-type=\"container\" data-settings=\"{&quot;animation&quot;:&quot;fadeInLeft&quot;}\">\n\t\t\t\t<div class=\"elementor-element elementor-element-88c174a elementor-view-stacked elementor-shape-circle elementor-widget elementor-widget-icon\" data-id=\"88c174a\" data-element_type=\"widget\" data-e-type=\"widget\" data-widget_type=\"icon.default\">\n\t\t\t\t\t\t\t<div class=\"elementor-icon-wrapper\">\n\t\t\t<div class=\"elementor-icon\">\n\t\t\t<svg xmlns=\"http:\/\/www.w3.org\/2000\/svg\" id=\"Layer_1\" viewBox=\"0 0 75 75\"><g id=\"Moving_Truck\"><path d=\"m20.5018921 50.4101563c0 3.0439453 2.4760742 5.5195313 5.5195313 5.5195313 3.0439453 0 5.5200195-2.4755859 5.5200195-5.5195313s-2.4760742-5.5195313-5.5200195-5.5195313c-3.0434571 0-5.5195313 2.4755859-5.5195313 5.5195313zm9.5395508 0c0 2.2167969-1.8032227 4.0195313-4.0200195 4.0195313-2.2163086 0-4.0195313-1.8027344-4.0195313-4.0195313s1.8032227-4.0195313 4.0195313-4.0195313c2.2167968 0 4.0200195 1.8027344 4.0200195 4.0195313z\"><\/path><circle cx=\"26.021\" cy=\"50.41\" r=\"2.19\"><\/circle><path d=\"m66.9037476 38.9541016c0-.4140625-.3359375-.75-.75-.75h-2.972168c-.8290176 0-1.3769684.8638763-1.0200195 1.6152344l.6069336 1.2744141c.4372406.919857 1.3565674 1.5820847 2.5556641 1.6132813.4140625 0 .75-.3359375.75-.75s-.3359375-.75-.75-.75c-.5107422 0-.9819336-.2978516-1.2011719-.7578125l-.3549805-.7451172h2.3857422c.4140625-.0000001.75-.3359376.75-.7500001z\"><\/path><path d=\"m54.6410522 39.5039063c.4140625 0 .75-.3359375.75-.75s-.3359375-.75-.75-.75h-1.6967773c-.4140625 0-.75.3359375-.75.75s.3359375.75.75.75z\"><\/path><path d=\"m34.0912476 49.6601563c-.4140625 0-.75.3359375-.75.75s.3359375.75.75.75h14.7548828c.4140625 0 .75-.3359375.75-.75s-.3359375-.75-.75-.75h-2.4835815l.7648315-5.3671875c.1251221-.8861122-.562439-1.6748047-1.4536133-1.6748047h-31.6503906c-.7260742 0-1.3510742.5419922-1.4536133 1.2617188l-.7988281 5.6054688c-.1251221.8861122.562438 1.6748047 1.4536133 1.6748047h5.0097656c.4140625 0 .75-.3359375.75-.75s-.3359375-.75-.75-.75l-4.9780273.0361328.7670898-5.578125 31.6186523-.0361328-.7949219 5.578125h-10.7558593z\"><\/path><path d=\"m56.6347046 55.9296875c3.043457 0 5.5195313-2.4755859 5.5195313-5.5195313s-2.4760742-5.5195313-5.5195313-5.5195313c-3.0439453 0-5.5200195 2.4755859-5.5200195 5.5195313s2.4760742 5.5195313 5.5200195 5.5195313zm0-9.5390625c2.2163086 0 4.0195313 1.8027344 4.0195313 4.0195313s-1.8032227 4.0195313-4.0195313 4.0195313c-2.2167969 0-4.0200195-1.8027344-4.0200195-4.0195313s1.8032226-4.0195313 4.0200195-4.0195313z\"><\/path><circle cx=\"56.635\" cy=\"50.41\" r=\"2.19\"><\/circle><path d=\"m14.6063843 40.4277344.6025391-4.1943359c.059082-.4101563-.2255859-.7900391-.6357422-.8486328-.4072266-.0703125-.7900391.2255859-.8486328.6357422l-.6025391 4.1943359c-.059082.4101563.2255859.7900391.6357422.8486328.3858604.0625724.7875251-.2102089.8486328-.6357422z\"><\/path><path d=\"m15.9921265 20.1142578-.140625.9736328c-.059082.4101563.2250977.7900391.6347656.8496094.4130859.0556641.7905273-.2255859.8496094-.6347656l.1411133-.9746094c.0976563-.6855469.6884766-1.2021484 1.3745117-1.2021484h25.7797852c.8214645 0 1.5026131.7200317 1.3745117 1.5927734l-2.7895508 19.6279297c-.0581055.4101563.2270508.7900391.637207.8476563.0356445.0058594.0712891.0078125.1064453.0078125.3671875 0 .6884766-.2705078.7416992-.6445313l2.7890625-19.6240234c.2562332-1.7444363-1.0951385-3.3076172-2.859375-3.3076172h-25.7797851c-1.4277344 0-2.6572266 1.0703125-2.859375 2.4882812z\"><\/path><path d=\"m69.6698608 36.6933594-7.8076172-13.7412109c-.6230469-1.0976563-1.7944336-1.7802734-3.0566406-1.7832031-5.4757042-.0105686-3.6673012-.0070705-9.1083984-.0175781-.4135742 0-.7490234.3349609-.75.7490234s.3344727.75.7485352.7509766l9.1069336.0175781c.7250977.0009766 1.3974609.3935547 1.7558594 1.0234375l7.8071289 13.7412109c.2202148.3876953.3066406.8447266.2436523 1.2861328l-1.3125 9.203125c-.1411133.9902344-1.0019531 1.7373047-2.0029297 1.7373047h-1.2265625c-.4140625 0-.75.3359375-.75.75s.3359375.75.75.75h1.2265625c1.7426758 0 3.2421875-1.3007813 3.4882813-3.0263672l1.3125-9.2021484c.1093749-.7685548-.0410157-1.5634766-.4248048-2.2382813z\"><\/path><path d=\"m58.3573608 24.9882813c-.2739258-.4833984-.7895508-.7851563-1.3476563-.7871094-2.2680969-.0046082-1.5861816-.0032177-3.8466797-.0078125-.7675781 0-1.4282227.5732422-1.5371094 1.3349609l-1.1962891 8.4169922c-.1335487.9369087.5959396 1.7714844 1.5375977 1.7714844h9.8173828c1.1916924 0 1.9373856-1.2849045 1.3505859-2.3193359zm3.4272461 9.2285156-9.8696289-.0605469 1.2485352-8.4628906 3.8891602.0341797 4.777832 8.4628906c-.015625.0263672-.034668.0263672-.0458985.0263672z\"><\/path><path d=\"m28.6537476 37.4208984 8.7475586-6.6484375c.3987923-.3027477.3908386-.896616.0009766-1.1933594l-8.7475586-6.6640625c-.4943733-.3763618-1.2045898-.0224266-1.2045898.5966797v2.9521484h-6.9550781c-.4140625 0-.75.3359375-.75.75s.3359375.75.75.75h7.7050781c.4140625 0 .75-.3359375.75-.75v-2.1875l6.7587891 5.1484375-6.7587892 5.1376954v-2.1914063c0-.4140625-.3359375-.75-.75-.75h-4.5693359c-.4140625 0-.75.3359375-.75.75s.3359375.75.75.75h3.8193359v2.953125c0 .6243134.7171898.9686509 1.2036133.5966797z\"><\/path><path d=\"m4.8705449 33.1210938c0 .4140625.3359375.75.75.75h2.9999995c.4140625 0 .75-.3359375.75-.75s-.3359375-.75-.75-.75h-2.9999995c-.4140625 0-.75.3359375-.75.75z\"><\/path><path d=\"m11.6205444 32.3710938c-.4140625 0-.75.3359375-.75.75s.3359375.75.75.75h3c.4140625 0 .75-.3359375.75-.75s-.3359375-.75-.75-.75z\"><\/path><path d=\"m16.8705444 33.1210938c0 .4140625.3359375.75.75.75h3c.4140625 0 .75-.3359375.75-.75s-.3359375-.75-.75-.75h-3c-.4140625 0-.75.3359375-.75.75z\"><\/path><path d=\"m14.9574585 27.2138672c0 .4140625.3359375.75.75.75h1.7768555c.4140625 0 .75-.3359375.75-.75s-.3359375-.75-.75-.75h-1.7768555c-.4140625 0-.75.3359375-.75.75z\"><\/path><path d=\"m12.7074585 26.4638672h-3c-.4140625 0-.75.3359375-.75.75s.3359375.75.75.75h3c.4140625 0 .75-.3359375.75-.75s-.3359375-.75-.75-.75z\"><\/path><path d=\"m18.0609741 64.5888672c0-.4140625-.3359375-.75-.75-.75h-6c-.4140625 0-.75.3359375-.75.75s.3359375.75.75.75h6c.4140625 0 .75-.3359375.75-.75z\"><\/path><path d=\"m44.7919312 65.3388672c.4140625 0 .75-.3359375.75-.75s-.3359375-.75-.75-.75h-13.7402344c-.4140625 0-.75.3359375-.75.75s.3359375.75.75.75z\"><\/path><path d=\"m64.5326538 65.3388672c.4140625 0 .75-.3359375.75-.75s-.3359375-.75-.75-.75h-6c-.4140625 0-.75.3359375-.75.75s.3359375.75.75.75z\"><\/path><path d=\"m6.6107793 58.7294922h62.6220703c.4140625 0 .75-.3359375.75-.75s-.3359375-.75-.75-.75h-62.6220703c-.4140625 0-.75.3359375-.75.75s.3359375.75.75.75z\"><\/path><path d=\"m11.2098999 15.15625h-3.3461909c-.4140625 0-.75.3359375-.75.75s.3359375.75.75.75h3.3461909c.4140625 0 .75-.3359375.75-.75s-.3359375-.75-.75-.75z\"><\/path><path d=\"m15.2323608 10.4111328c0 .4140625.3359375.75.75.75h3.3461914c.4140625 0 .75-.3359375.75-.75s-.3359375-.75-.75-.75h-3.3461914c-.4140625 0-.75.3359375-.75.75z\"><\/path><\/g><\/svg>\t\t\t<\/div>\n\t\t<\/div>\n\t\t\t\t\t\t<\/div>\n\t\t\t\t<div class=\"elementor-element elementor-element-596964c elementor-widget elementor-widget-heading\" data-id=\"596964c\" data-element_type=\"widget\" data-e-type=\"widget\" data-widget_type=\"heading.default\">\n\t\t\t\t\t<h2 class=\"elementor-heading-title elementor-size-default\">Productos y Servicios<\/h2>\t\t\t\t<\/div>\n\t\t\t\t<div class=\"elementor-element elementor-element-2630bf2 elementor-widget elementor-widget-text-editor\" data-id=\"2630bf2\" data-element_type=\"widget\" data-e-type=\"widget\" data-widget_type=\"text-editor.default\">\n\t\t\t\t\t\t\t\t\t<ul>\n<li data-start=\"27\" data-end=\"77\">\n<p data-start=\"29\" data-end=\"77\">Transporte nacional de contenedores mar\u00edtimos.<\/p>\n<\/li>\n<li data-start=\"78\" data-end=\"143\">\n<p data-start=\"80\" data-end=\"143\">Internaci\u00f3n de contenedores mar\u00edtimos provenientes de buques.<\/p>\n<\/li>\n<li data-start=\"144\" data-end=\"187\">\n<p data-start=\"146\" data-end=\"187\">Transporte con plataformas basculantes.<\/p>\n<\/li>\n<li data-start=\"188\" data-end=\"226\">\n<p data-start=\"190\" data-end=\"226\">Transporte con porta contenedores.<\/p>\n<\/li>\n<\/ul>\t\t\t\t\t\t\t\t<\/div>\n\t\t\t\t<\/div>\n\t\t<div class=\"elementor-element elementor-element-945f6aa e-con-full e-flex e-con e-child\" data-id=\"945f6aa\" data-element_type=\"container\" data-e-type=\"container\">\n\t\t<div class=\"elementor-element elementor-element-026765b e-con-full animated-slow e-flex elementor-invisible e-con e-child\" data-id=\"026765b\" data-element_type=\"container\" data-e-type=\"container\" data-settings=\"{&quot;animation&quot;:&quot;fadeInRight&quot;}\">\n\t\t\t\t<div class=\"elementor-element elementor-element-bb35ac4 elementor-widget elementor-widget-image\" data-id=\"bb35ac4\" data-element_type=\"widget\" data-e-type=\"widget\" data-widget_type=\"image.default\">\n\t\t\t\t\t\t\t\t\t\t\t\t\t\t\t<img fetchpriority=\"high\" decoding=\"async\" width=\"800\" height=\"816\" src=\"https:\/\/transportesjon.com\/wp-content\/uploads\/2026\/01\/Diseno-sin-titulo-1.png\" class=\"attachment-large size-large wp-image-216\" alt=\"\" srcset=\"https:\/\/transportesjon.com\/wp-content\/uploads\/2026\/01\/Diseno-sin-titulo-1.png 979w, https:\/\/transportesjon.com\/wp-content\/uploads\/2026\/01\/Diseno-sin-titulo-1-294x300.png 294w, https:\/\/transportesjon.com\/wp-content\/uploads\/2026\/01\/Diseno-sin-titulo-1-768x784.png 768w, https:\/\/transportesjon.com\/wp-content\/uploads\/2026\/01\/Diseno-sin-titulo-1-12x12.png 12w\" sizes=\"(max-width: 800px) 100vw, 800px\" \/>\t\t\t\t\t\t\t\t\t\t\t\t\t\t\t<\/div>\n\t\t\t\t<\/div>\n\t\t\t\t<\/div>\n\t\t\t\t\t<\/div>\n\t\t\t\t<\/div>\n\t\t<div class=\"elementor-element elementor-element-95cbd5e animated-slow e-flex e-con-boxed elementor-invisible e-con e-parent\" data-id=\"95cbd5e\" data-element_type=\"container\" data-e-type=\"container\" data-settings=\"{&quot;background_background&quot;:&quot;classic&quot;,&quot;animation&quot;:&quot;fadeIn&quot;}\">\n\t\t\t\t\t<div class=\"e-con-inner\">\n\t\t\t\t<div class=\"elementor-element elementor-element-e39daf7 animated-slow elementor-invisible elementor-widget elementor-widget-heading\" data-id=\"e39daf7\" data-element_type=\"widget\" data-e-type=\"widget\" data-settings=\"{&quot;_animation&quot;:&quot;fadeInUp&quot;}\" data-widget_type=\"heading.default\">\n\t\t\t\t\t<h2 class=\"elementor-heading-title elementor-size-default\">Soluciones log\u00edsticas seguras y eficientes<\/h2>\t\t\t\t<\/div>\n\t\t\t\t<div class=\"elementor-element elementor-element-ab80edb animated-slow elementor-align-center elementor-invisible elementor-widget elementor-widget-button\" data-id=\"ab80edb\" data-element_type=\"widget\" data-e-type=\"widget\" data-settings=\"{&quot;_animation&quot;:&quot;fadeInUp&quot;}\" data-widget_type=\"button.default\">\n\t\t\t\t\t\t\t\t\t\t<a class=\"elementor-button elementor-button-link elementor-size-sm\" href=\"https:\/\/transportesjon.com\/contacto\/\">\n\t\t\t\t\t\t<span class=\"elementor-button-content-wrapper\">\n\t\t\t\t\t\t\t\t\t<span class=\"elementor-button-text\">Contacto<\/span>\n\t\t\t\t\t<\/span>\n\t\t\t\t\t<\/a>\n\t\t\t\t\t\t\t\t<\/div>\n\t\t\t\t\t<\/div>\n\t\t\t\t<\/div>\n\t\t\t\t<\/div>\n\t\t","protected":false},"excerpt":{"rendered":"<p>Productos y Servicios Transporte nacional de contenedores mar\u00edtimos. Internaci\u00f3n de contenedores mar\u00edtimos provenientes de buques. Transporte con plataformas basculantes. Transporte con porta contenedores. Soluciones log\u00edsticas seguras y eficientes Contacto<\/p>","protected":false},"author":1,"featured_media":0,"parent":0,"menu_order":0,"comment_status":"closed","ping_status":"closed","template":"elementor_canvas","meta":{"footnotes":""},"class_list":["post-6","page","type-page","status-publish","hentry"],"yoast_head":"<!-- This site is optimized with the Yoast SEO plugin v27.5 - https:\/\/yoast.com\/product\/yoast-seo-wordpress\/ -->\n<title>Servicios - Transportes Jon<\/title>\n<meta name=\"robots\" content=\"index, follow, max-snippet:-1, max-image-preview:large, max-video-preview:-1\" \/>\n<link rel=\"canonical\" href=\"https:\/\/transportesjon.com\/eu\/servicios\/\" \/>\n<meta property=\"og:locale\" content=\"en_US\" \/>\n<meta property=\"og:type\" content=\"article\" \/>\n<meta property=\"og:title\" content=\"Servicios - Transportes Jon\" \/>\n<meta property=\"og:description\" content=\"Productos y Servicios Transporte nacional de contenedores mar\u00edtimos. Internaci\u00f3n de contenedores mar\u00edtimos provenientes de buques. Transporte con plataformas basculantes. Transporte con porta contenedores. Soluciones log\u00edsticas seguras y eficientes Contacto\" \/>\n<meta property=\"og:url\" content=\"https:\/\/transportesjon.com\/eu\/servicios\/\" \/>\n<meta property=\"og:site_name\" content=\"Transportes Jon\" \/>\n<meta property=\"article:modified_time\" content=\"2026-01-29T14:43:46+00:00\" \/>\n<meta property=\"og:image\" content=\"https:\/\/transportesjon.com\/wp-content\/uploads\/2026\/01\/Diseno-sin-titulo-1.png\" \/>\n<meta name=\"twitter:card\" content=\"summary_large_image\" \/>\n<meta name=\"twitter:label1\" content=\"Est. reading time\" \/>\n\t<meta name=\"twitter:data1\" content=\"1 minutua\" \/>\n<script type=\"application\/ld+json\" class=\"yoast-schema-graph\">{\"@context\":\"https:\\\/\\\/schema.org\",\"@graph\":[{\"@type\":\"WebPage\",\"@id\":\"https:\\\/\\\/transportesjon.com\\\/servicios\\\/\",\"url\":\"https:\\\/\\\/transportesjon.com\\\/servicios\\\/\",\"name\":\"Servicios - Transportes Jon\",\"isPartOf\":{\"@id\":\"https:\\\/\\\/transportesjon.com\\\/#website\"},\"primaryImageOfPage\":{\"@id\":\"https:\\\/\\\/transportesjon.com\\\/servicios\\\/#primaryimage\"},\"image\":{\"@id\":\"https:\\\/\\\/transportesjon.com\\\/servicios\\\/#primaryimage\"},\"thumbnailUrl\":\"https:\\\/\\\/transportesjon.com\\\/wp-content\\\/uploads\\\/2026\\\/01\\\/Diseno-sin-titulo-1.png\",\"datePublished\":\"2026-01-27T16:15:09+00:00\",\"dateModified\":\"2026-01-29T14:43:46+00:00\",\"breadcrumb\":{\"@id\":\"https:\\\/\\\/transportesjon.com\\\/servicios\\\/#breadcrumb\"},\"inLanguage\":\"eu\",\"potentialAction\":[{\"@type\":\"ReadAction\",\"target\":[\"https:\\\/\\\/transportesjon.com\\\/servicios\\\/\"]}]},{\"@type\":\"ImageObject\",\"inLanguage\":\"eu\",\"@id\":\"https:\\\/\\\/transportesjon.com\\\/servicios\\\/#primaryimage\",\"url\":\"https:\\\/\\\/transportesjon.com\\\/wp-content\\\/uploads\\\/2026\\\/01\\\/Diseno-sin-titulo-1.png\",\"contentUrl\":\"https:\\\/\\\/transportesjon.com\\\/wp-content\\\/uploads\\\/2026\\\/01\\\/Diseno-sin-titulo-1.png\"},{\"@type\":\"BreadcrumbList\",\"@id\":\"https:\\\/\\\/transportesjon.com\\\/servicios\\\/#breadcrumb\",\"itemListElement\":[{\"@type\":\"ListItem\",\"position\":1,\"name\":\"Portada\",\"item\":\"https:\\\/\\\/transportesjon.com\\\/\"},{\"@type\":\"ListItem\",\"position\":2,\"name\":\"Servicios\"}]},{\"@type\":\"WebSite\",\"@id\":\"https:\\\/\\\/transportesjon.com\\\/#website\",\"url\":\"https:\\\/\\\/transportesjon.com\\\/\",\"name\":\"Transportes Jon\",\"description\":\"Trasnportes Jon\",\"publisher\":{\"@id\":\"https:\\\/\\\/transportesjon.com\\\/#organization\"},\"potentialAction\":[{\"@type\":\"SearchAction\",\"target\":{\"@type\":\"EntryPoint\",\"urlTemplate\":\"https:\\\/\\\/transportesjon.com\\\/?s={search_term_string}\"},\"query-input\":{\"@type\":\"PropertyValueSpecification\",\"valueRequired\":true,\"valueName\":\"search_term_string\"}}],\"inLanguage\":\"eu\"},{\"@type\":\"Organization\",\"@id\":\"https:\\\/\\\/transportesjon.com\\\/#organization\",\"name\":\"Transportes Jon\",\"url\":\"https:\\\/\\\/transportesjon.com\\\/\",\"logo\":{\"@type\":\"ImageObject\",\"inLanguage\":\"eu\",\"@id\":\"https:\\\/\\\/transportesjon.com\\\/#\\\/schema\\\/logo\\\/image\\\/\",\"url\":\"https:\\\/\\\/transportesjon.com\\\/wp-content\\\/uploads\\\/2026\\\/01\\\/logo_web-removebg-preview.png\",\"contentUrl\":\"https:\\\/\\\/transportesjon.com\\\/wp-content\\\/uploads\\\/2026\\\/01\\\/logo_web-removebg-preview.png\",\"width\":601,\"height\":241,\"caption\":\"Transportes Jon\"},\"image\":{\"@id\":\"https:\\\/\\\/transportesjon.com\\\/#\\\/schema\\\/logo\\\/image\\\/\"}}]}<\/script>\n<!-- \/ Yoast SEO plugin. -->","yoast_head_json":{"title":"Servicios - Transportes Jon","robots":{"index":"index","follow":"follow","max-snippet":"max-snippet:-1","max-image-preview":"max-image-preview:large","max-video-preview":"max-video-preview:-1"},"canonical":"https:\/\/transportesjon.com\/eu\/servicios\/","og_locale":"en_US","og_type":"article","og_title":"Servicios - Transportes Jon","og_description":"Productos y Servicios Transporte nacional de contenedores mar\u00edtimos. Internaci\u00f3n de contenedores mar\u00edtimos provenientes de buques. Transporte con plataformas basculantes. Transporte con porta contenedores. Soluciones log\u00edsticas seguras y eficientes Contacto","og_url":"https:\/\/transportesjon.com\/eu\/servicios\/","og_site_name":"Transportes Jon","article_modified_time":"2026-01-29T14:43:46+00:00","og_image":[{"url":"https:\/\/transportesjon.com\/wp-content\/uploads\/2026\/01\/Diseno-sin-titulo-1.png","type":"","width":"","height":""}],"twitter_card":"summary_large_image","twitter_misc":{"Est. reading time":"1 minutua"},"schema":{"@context":"https:\/\/schema.org","@graph":[{"@type":"WebPage","@id":"https:\/\/transportesjon.com\/servicios\/","url":"https:\/\/transportesjon.com\/servicios\/","name":"Servicios - Transportes Jon","isPartOf":{"@id":"https:\/\/transportesjon.com\/#website"},"primaryImageOfPage":{"@id":"https:\/\/transportesjon.com\/servicios\/#primaryimage"},"image":{"@id":"https:\/\/transportesjon.com\/servicios\/#primaryimage"},"thumbnailUrl":"https:\/\/transportesjon.com\/wp-content\/uploads\/2026\/01\/Diseno-sin-titulo-1.png","datePublished":"2026-01-27T16:15:09+00:00","dateModified":"2026-01-29T14:43:46+00:00","breadcrumb":{"@id":"https:\/\/transportesjon.com\/servicios\/#breadcrumb"},"inLanguage":"eu","potentialAction":[{"@type":"ReadAction","target":["https:\/\/transportesjon.com\/servicios\/"]}]},{"@type":"ImageObject","inLanguage":"eu","@id":"https:\/\/transportesjon.com\/servicios\/#primaryimage","url":"https:\/\/transportesjon.com\/wp-content\/uploads\/2026\/01\/Diseno-sin-titulo-1.png","contentUrl":"https:\/\/transportesjon.com\/wp-content\/uploads\/2026\/01\/Diseno-sin-titulo-1.png"},{"@type":"BreadcrumbList","@id":"https:\/\/transportesjon.com\/servicios\/#breadcrumb","itemListElement":[{"@type":"ListItem","position":1,"name":"Portada","item":"https:\/\/transportesjon.com\/"},{"@type":"ListItem","position":2,"name":"Servicios"}]},{"@type":"WebSite","@id":"https:\/\/transportesjon.com\/#website","url":"https:\/\/transportesjon.com\/","name":"Transportes Jon","description":"Trasnportes Jon","publisher":{"@id":"https:\/\/transportesjon.com\/#organization"},"potentialAction":[{"@type":"SearchAction","target":{"@type":"EntryPoint","urlTemplate":"https:\/\/transportesjon.com\/?s={search_term_string}"},"query-input":{"@type":"PropertyValueSpecification","valueRequired":true,"valueName":"search_term_string"}}],"inLanguage":"eu"},{"@type":"Organization","@id":"https:\/\/transportesjon.com\/#organization","name":"Transportes Jon","url":"https:\/\/transportesjon.com\/","logo":{"@type":"ImageObject","inLanguage":"eu","@id":"https:\/\/transportesjon.com\/#\/schema\/logo\/image\/","url":"https:\/\/transportesjon.com\/wp-content\/uploads\/2026\/01\/logo_web-removebg-preview.png","contentUrl":"https:\/\/transportesjon.com\/wp-content\/uploads\/2026\/01\/logo_web-removebg-preview.png","width":601,"height":241,"caption":"Transportes Jon"},"image":{"@id":"https:\/\/transportesjon.com\/#\/schema\/logo\/image\/"}}]}},"_links":{"self":[{"href":"https:\/\/transportesjon.com\/eu\/wp-json\/wp\/v2\/pages\/6","targetHints":{"allow":["GET"]}}],"collection":[{"href":"https:\/\/transportesjon.com\/eu\/wp-json\/wp\/v2\/pages"}],"about":[{"href":"https:\/\/transportesjon.com\/eu\/wp-json\/wp\/v2\/types\/page"}],"author":[{"embeddable":true,"href":"https:\/\/transportesjon.com\/eu\/wp-json\/wp\/v2\/users\/1"}],"replies":[{"embeddable":true,"href":"https:\/\/transportesjon.com\/eu\/wp-json\/wp\/v2\/comments?post=6"}],"version-history":[{"count":34,"href":"https:\/\/transportesjon.com\/eu\/wp-json\/wp\/v2\/pages\/6\/revisions"}],"predecessor-version":[{"id":256,"href":"https:\/\/transportesjon.com\/eu\/wp-json\/wp\/v2\/pages\/6\/revisions\/256"}],"wp:attachment":[{"href":"https:\/\/transportesjon.com\/eu\/wp-json\/wp\/v2\/media?parent=6"}],"curies":[{"name":"wp","href":"https:\/\/api.w.org\/{rel}","templated":true}]}}